{"id":7,"date":"2015-03-17T08:37:47","date_gmt":"2015-03-17T08:37:47","guid":{"rendered":"https:\/\/www.campingprima.cz\/?page_id=7"},"modified":"2023-07-18T08:53:31","modified_gmt":"2023-07-18T08:53:31","slug":"uvodni-stranka","status":"publish","type":"page","link":"https:\/\/www.campingprima.cz\/nl\/","title":{"rendered":"Homepage"},"content":{"rendered":"<p><\/p>\n<div style=\"background-color: #609bd5; padding: 20px; color: white; font-size: 20px;\" align=\"center\"><strong><u>News:<\/u> We have prepared for you new fun and adventure in the camp<\/strong><\/p>\n<p><iframe loading=\"lazy\" title=\"YouTube video player\" src=\"https:\/\/www.youtube.com\/embed\/pFQUdj27zD8\" width=\"560\" height=\"315\" frameborder=\"0\" allowfullscreen=\"allowfullscreen\"><\/iframe><\/div>\n<h2>CAMPING PRIMA KOLOD\u011aJE NAD LU\u017dNIC\u00cd<\/h2>\n<p>Camping Prima ligt in het prachtige Zuid-Boheemse dorp <strong>Kolod\u011bje nad Lu\u017enic\u00ed<\/strong>, direct gelegen op het rivierbed van de Lu\u017enice rivier. Dankzij de gunstige locatie van de camping is het uitstekend voor zowel de actieve en passieve reiziger. Hier is de mogelijkheid om vele historische bezienswaardigheden te bezoeken waarbij u zich op hetzelfde moment waant in prachtige natuur. Varen op de rivier, het bezoeken van kastelen in de omgeving, fietsen, wandelen door het bos of vissen. Dit zijn allemaal mogelijkheden hoe u uwvrije tijd kan spenderen op Camping Prima.<\/p>\n<h2>Accommodatie<\/h2>\n<p>Voor tenten en caravans bieden wij u mooie grasachtige plekken met elektriciteit. U kunt kiezen tussen plekken gegarandeerd met zon, of een plek in de schaduw. Wij bieden ook bungalows, volledig uitgeruste stacaravans of safari tenten aan.<\/p>\n<p><center><iframe loading=\"lazy\" src=\"https:\/\/www.youtube.com\/embed\/MhgkQcvvhy4\" width=\"560\" height=\"315\" frameborder=\"0\" allowfullscreen=\"allowfullscreen\"><\/iframe><\/center><\/p>","protected":false},"excerpt":{"rendered":"<p>News: We have prepared for you new fun and adventure in the camp CAMPING PRIMA KOLOD\u011aJE NAD LU\u017dNIC\u00cd Camping Prima ligt in het prachtige Zuid-Boheemse dorp Kolod\u011bje nad Lu\u017enic\u00ed, direct gelegen op het rivierbed van de Lu\u017enice rivier. Dankzij de gunstige locatie van de camping is het uitstekend voor zowel de actieve en passieve reiziger. [&hellip;]<\/p>\n","protected":false},"author":1,"featured_media":0,"parent":0,"menu_order":1,"comment_status":"open","ping_status":"open","template":"homepage.php","meta":[],"_links":{"self":[{"href":"https:\/\/www.campingprima.cz\/nl\/wp-json\/wp\/v2\/pages\/7"}],"collection":[{"href":"https:\/\/www.campingprima.cz\/nl\/wp-json\/wp\/v2\/pages"}],"about":[{"href":"https:\/\/www.campingprima.cz\/nl\/wp-json\/wp\/v2\/types\/page"}],"author":[{"embeddable":true,"href":"https:\/\/www.campingprima.cz\/nl\/wp-json\/wp\/v2\/users\/1"}],"replies":[{"embeddable":true,"href":"https:\/\/www.campingprima.cz\/nl\/wp-json\/wp\/v2\/comments?post=7"}],"version-history":[{"count":35,"href":"https:\/\/www.campingprima.cz\/nl\/wp-json\/wp\/v2\/pages\/7\/revisions"}],"predecessor-version":[{"id":1723,"href":"https:\/\/www.campingprima.cz\/nl\/wp-json\/wp\/v2\/pages\/7\/revisions\/1723"}],"wp:attachment":[{"href":"https:\/\/www.campingprima.cz\/nl\/wp-json\/wp\/v2\/media?parent=7"}],"curies":[{"name":"wp","href":"https:\/\/api.w.org\/{rel}","templated":true}]}}