{"id":67,"date":"2015-03-23T09:56:40","date_gmt":"2015-03-23T09:56:40","guid":{"rendered":"https:\/\/www.campingprima.cz\/?page_id=67"},"modified":"2020-08-11T15:23:43","modified_gmt":"2020-08-11T15:23:43","slug":"o-nas","status":"publish","type":"page","link":"https:\/\/www.campingprima.cz\/nl\/uvodni-stranka\/o-nas\/","title":{"rendered":"Over Ons"},"content":{"rendered":"<p><\/p>\n<h2>CAMPING PRIMA KOLOD\u011aJE NAD LU\u017dNIC\u00cd<\/h2>\n<p>Camping Prima ligt in het prachtige Zuid-Boheemse dorp <strong>Kolod\u011bje nad Lu\u017enic\u00ed<\/strong>, direct gelegen op het rivierbed van de Lu\u017enice rivier. Dankzij de gunstige locatie van de camping is het uitstekend voor zowel de actieve en passieve reiziger. Hier is de mogelijkheid om vele historische bezienswaardigheden te bezoeken waarbij u zich op hetzelfde moment waant in prachtige natuur. Varen op de rivier, het bezoeken van kastelen in de omgeving, fietsen, wandelen door het bos of vissen. Dit zijn allemaal mogelijkheden hoe u uwvrije tijd kan spenderen op Camping Prima.<\/p>\n<h2>Accommodatie<\/h2>\n<p>Voor tenten en caravans bieden wij u mooie grasachtige plekken met elektriciteit. U kunt kiezen tussen plekken gegarandeerd met zon, of een plek in de schaduw. Wij bieden ook bungalows, volledig uitgeruste stacaravans of safari tenten aan.<\/p>","protected":false},"excerpt":{"rendered":"<p>CAMPING PRIMA KOLOD\u011aJE NAD LU\u017dNIC\u00cd Camping Prima ligt in het prachtige Zuid-Boheemse dorp Kolod\u011bje nad Lu\u017enic\u00ed, direct gelegen op het rivierbed van de Lu\u017enice rivier. Dankzij de gunstige locatie van de camping is het uitstekend voor zowel de actieve en passieve reiziger. Hier is de mogelijkheid om vele historische bezienswaardigheden te bezoeken waarbij u zich [&hellip;]<\/p>\n","protected":false},"author":1,"featured_media":1371,"parent":7,"menu_order":1,"comment_status":"closed","ping_status":"closed","template":"","meta":[],"_links":{"self":[{"href":"https:\/\/www.campingprima.cz\/nl\/wp-json\/wp\/v2\/pages\/67"}],"collection":[{"href":"https:\/\/www.campingprima.cz\/nl\/wp-json\/wp\/v2\/pages"}],"about":[{"href":"https:\/\/www.campingprima.cz\/nl\/wp-json\/wp\/v2\/types\/page"}],"author":[{"embeddable":true,"href":"https:\/\/www.campingprima.cz\/nl\/wp-json\/wp\/v2\/users\/1"}],"replies":[{"embeddable":true,"href":"https:\/\/www.campingprima.cz\/nl\/wp-json\/wp\/v2\/comments?post=67"}],"version-history":[{"count":2,"href":"https:\/\/www.campingprima.cz\/nl\/wp-json\/wp\/v2\/pages\/67\/revisions"}],"predecessor-version":[{"id":1384,"href":"https:\/\/www.campingprima.cz\/nl\/wp-json\/wp\/v2\/pages\/67\/revisions\/1384"}],"up":[{"embeddable":true,"href":"https:\/\/www.campingprima.cz\/nl\/wp-json\/wp\/v2\/pages\/7"}],"wp:featuredmedia":[{"embeddable":true,"href":"https:\/\/www.campingprima.cz\/nl\/wp-json\/wp\/v2\/media\/1371"}],"wp:attachment":[{"href":"https:\/\/www.campingprima.cz\/nl\/wp-json\/wp\/v2\/media?parent=67"}],"curies":[{"name":"wp","href":"https:\/\/api.w.org\/{rel}","templated":true}]}}