{"id":19,"date":"2015-03-17T08:39:32","date_gmt":"2015-03-17T08:39:32","guid":{"rendered":"https:\/\/www.campingprima.cz\/?page_id=19"},"modified":"2020-08-11T17:22:00","modified_gmt":"2020-08-11T17:22:00","slug":"kontakty","status":"publish","type":"page","link":"https:\/\/www.campingprima.cz\/en\/kontakty\/","title":{"rendered":"Contacts"},"content":{"rendered":"<p><\/p>\n<div class=\"blueBg\">\n<div class=\"row\">\n<div class=\"col-md-5 col-sm-12\">\n<h2>Camping PRIMA<\/h2>\n<p>Kolod\u011bje nad Lu\u017enic\u00ed 6<\/p>\n<p>375 01 T\u00fdn nad Vltavou<\/p>\n<p><strong>GPS: N 49\u00b015.25442&#8242;, E 14\u00b025.22357&#8242;<\/strong><\/p>\n<p><strong>Tel.:<\/strong> +420 725 025 075<\/p>\n<p><strong>E-mail:<\/strong> <a href=\"mailto:info@campingprima.cz\">info@campingprima.cz<\/a><\/p>\n<p><strong>Facebook:<\/strong> <a href=\"https:\/\/www.facebook.com\/campingprima\/\">Camping PRIMA<\/a><\/p>\n<\/div>\n<div class=\"col-md-7 col-sm-12\"><iframe loading=\"lazy\" style=\"border: 0;\" src=\"https:\/\/www.google.com\/maps\/embed?pb=!1m18!1m12!1m3!1d3180.52679725477!2d14.418211916020836!3d49.254232479328365!2m3!1f0!2f0!3f0!3m2!1i1024!2i768!4f13.1!3m3!1m2!1s0x470ca93a653f6fed%3A0x2d811c2508e96ada!2sCamping+Prima!5e1!3m2!1scs!2scz!4v1542663900341\" width=\"400\" height=\"300\" frameborder=\"0\" allowfullscreen=\"allowfullscreen\"><\/iframe><\/div>\n<\/div>\n<\/div>\n<p><\/p>","protected":false},"excerpt":{"rendered":"<p>Camping PRIMA Kolod\u011bje nad Lu\u017enic\u00ed 6 375 01 T\u00fdn nad Vltavou GPS: N 49\u00b015.25442&#8242;, E 14\u00b025.22357&#8242; Tel.: +420 725 025 075 E-mail: info@campingprima.cz Facebook: Camping PRIMA<\/p>\n","protected":false},"author":1,"featured_media":1372,"parent":0,"menu_order":7,"comment_status":"closed","ping_status":"closed","template":"","meta":[],"_links":{"self":[{"href":"https:\/\/www.campingprima.cz\/en\/wp-json\/wp\/v2\/pages\/19"}],"collection":[{"href":"https:\/\/www.campingprima.cz\/en\/wp-json\/wp\/v2\/pages"}],"about":[{"href":"https:\/\/www.campingprima.cz\/en\/wp-json\/wp\/v2\/types\/page"}],"author":[{"embeddable":true,"href":"https:\/\/www.campingprima.cz\/en\/wp-json\/wp\/v2\/users\/1"}],"replies":[{"embeddable":true,"href":"https:\/\/www.campingprima.cz\/en\/wp-json\/wp\/v2\/comments?post=19"}],"version-history":[{"count":1,"href":"https:\/\/www.campingprima.cz\/en\/wp-json\/wp\/v2\/pages\/19\/revisions"}],"predecessor-version":[{"id":1189,"href":"https:\/\/www.campingprima.cz\/en\/wp-json\/wp\/v2\/pages\/19\/revisions\/1189"}],"wp:featuredmedia":[{"embeddable":true,"href":"https:\/\/www.campingprima.cz\/en\/wp-json\/wp\/v2\/media\/1372"}],"wp:attachment":[{"href":"https:\/\/www.campingprima.cz\/en\/wp-json\/wp\/v2\/media?parent=19"}],"curies":[{"name":"wp","href":"https:\/\/api.w.org\/{rel}","templated":true}]}}