{"id":9,"date":"2015-03-17T08:38:23","date_gmt":"2015-03-17T08:38:23","guid":{"rendered":"https:\/\/www.campingprima.cz\/?page_id=9"},"modified":"2019-02-27T14:01:30","modified_gmt":"2019-02-27T14:01:30","slug":"moznosti-ubytovani","status":"publish","type":"page","link":"https:\/\/www.campingprima.cz\/dk\/moznosti-ubytovani\/","title":{"rendered":"Overnatningstilbud"},"content":{"rendered":"<p>Vi tilbyder komfortabel og hyggelig indkvartering i fuldt udstyrede mobile homes &#8211; med en rummelig stue, to sovev\u00e6relser, et vel udstyret k\u00f8kken, eget badev\u00e6relse med bruser og toilet.<\/p>\n<p>Hver mobilhomes har egen terrasse med havem\u00f8bler og parasol. Du kan parkere din bil lige ved dit mobilhome.<\/p>\n<p>I vores mobilhomes vil komforten g\u00f8re at du f\u00f8ler dig som hjemme.<\/p>","protected":false},"excerpt":{"rendered":"<p>Vi tilbyder komfortabel og hyggelig indkvartering i fuldt udstyrede mobile homes &#8211; med en rummelig stue, to sovev\u00e6relser, et vel udstyret k\u00f8kken, eget badev\u00e6relse med bruser og toilet. Hver mobilhomes har egen terrasse med havem\u00f8bler og parasol. Du kan parkere din bil lige ved dit mobilhome. I vores mobilhomes vil komforten g\u00f8re at du f\u00f8ler [&hellip;]<\/p>\n","protected":false},"author":1,"featured_media":0,"parent":0,"menu_order":2,"comment_status":"open","ping_status":"open","template":"accommodation.php","meta":[],"_links":{"self":[{"href":"https:\/\/www.campingprima.cz\/dk\/wp-json\/wp\/v2\/pages\/9"}],"collection":[{"href":"https:\/\/www.campingprima.cz\/dk\/wp-json\/wp\/v2\/pages"}],"about":[{"href":"https:\/\/www.campingprima.cz\/dk\/wp-json\/wp\/v2\/types\/page"}],"author":[{"embeddable":true,"href":"https:\/\/www.campingprima.cz\/dk\/wp-json\/wp\/v2\/users\/1"}],"replies":[{"embeddable":true,"href":"https:\/\/www.campingprima.cz\/dk\/wp-json\/wp\/v2\/comments?post=9"}],"version-history":[{"count":0,"href":"https:\/\/www.campingprima.cz\/dk\/wp-json\/wp\/v2\/pages\/9\/revisions"}],"wp:attachment":[{"href":"https:\/\/www.campingprima.cz\/dk\/wp-json\/wp\/v2\/media?parent=9"}],"curies":[{"name":"wp","href":"https:\/\/api.w.org\/{rel}","templated":true}]}}