{"id":7,"date":"2015-03-17T08:37:47","date_gmt":"2015-03-17T08:37:47","guid":{"rendered":"https:\/\/www.campingprima.cz\/?page_id=7"},"modified":"2023-07-18T08:53:31","modified_gmt":"2023-07-18T08:53:31","slug":"uvodni-stranka","status":"publish","type":"page","link":"https:\/\/www.campingprima.cz\/dk\/","title":{"rendered":"Homepage"},"content":{"rendered":"<p><\/p>\n<div style=\"background-color: #609bd5; padding: 20px; color: white; font-size: 20px;\" align=\"center\"><strong><u>News:<\/u> We have prepared for you new fun and adventure in the camp<\/strong><\/p>\n<p><iframe loading=\"lazy\" title=\"YouTube video player\" src=\"https:\/\/www.youtube.com\/embed\/pFQUdj27zD8\" width=\"560\" height=\"315\" frameborder=\"0\" allowfullscreen=\"allowfullscreen\"><\/iframe><\/div>\n<h2>CAMPING PRIMA KOLOD\u011aJE NAD LU\u017dNIC\u00cd<\/h2>\n<p>Camping Prima er beliggende i en smuk sydbohemsk landsby <strong>Kolod\u011bje nad Lu\u017enic\u00ed<\/strong>, direkte p\u00e5 h\u00f8jre bred af Lu\u017enice-floden. Takket v\u00e6re den fantastiske beliggenhed er det et ideelt sted for s\u00e5vel en aktiv som en passiv ferie. Omkring Campingpladsen kan du bes\u00f8ge mange historiske sev\u00e6rdigheder eller tilbringe en afslappende tid i naturen, eller simpelthen kombinere disse to ting. Sejlads p\u00e5 floden, bes\u00f8ge n\u00e6rliggende slotte, cykle, g\u00e5 gennem skoven eller bare fredeligt fiskeri, lige uden for campingpladsen. Camping Prima byder simpelthen p\u00e5 meste af det bedste.<\/p>\n<h2>Indkvartering<\/h2>\n<p>Til telte og campingvogne tilbyder vi hyggelige gr\u00e6skl\u00e6dte steder med elektricitet. Du kan v\u00e6lge din plads i sol eller i skygge \u2013 du bestemmer. Vi tilbyder ogs\u00e5 hytter, fuldt udstyrede mobile homes med k\u00f8kken og badev\u00e6relse eller safari telt. Du kan helt sikkert v\u00e6lge din ideelle indkvartering og tilbringe en perfekt ferie p\u00e5 campingpladsen.<\/p>\n<p><center><iframe loading=\"lazy\" src=\"https:\/\/www.youtube.com\/embed\/MhgkQcvvhy4\" width=\"560\" height=\"315\" frameborder=\"0\" allowfullscreen=\"allowfullscreen\"><\/iframe><\/center><\/p>","protected":false},"excerpt":{"rendered":"<p>News: We have prepared for you new fun and adventure in the camp CAMPING PRIMA KOLOD\u011aJE NAD LU\u017dNIC\u00cd Camping Prima er beliggende i en smuk sydbohemsk landsby Kolod\u011bje nad Lu\u017enic\u00ed, direkte p\u00e5 h\u00f8jre bred af Lu\u017enice-floden. Takket v\u00e6re den fantastiske beliggenhed er det et ideelt sted for s\u00e5vel en aktiv som en passiv ferie. Omkring [&hellip;]<\/p>\n","protected":false},"author":1,"featured_media":0,"parent":0,"menu_order":1,"comment_status":"open","ping_status":"open","template":"homepage.php","meta":[],"_links":{"self":[{"href":"https:\/\/www.campingprima.cz\/dk\/wp-json\/wp\/v2\/pages\/7"}],"collection":[{"href":"https:\/\/www.campingprima.cz\/dk\/wp-json\/wp\/v2\/pages"}],"about":[{"href":"https:\/\/www.campingprima.cz\/dk\/wp-json\/wp\/v2\/types\/page"}],"author":[{"embeddable":true,"href":"https:\/\/www.campingprima.cz\/dk\/wp-json\/wp\/v2\/users\/1"}],"replies":[{"embeddable":true,"href":"https:\/\/www.campingprima.cz\/dk\/wp-json\/wp\/v2\/comments?post=7"}],"version-history":[{"count":35,"href":"https:\/\/www.campingprima.cz\/dk\/wp-json\/wp\/v2\/pages\/7\/revisions"}],"predecessor-version":[{"id":1723,"href":"https:\/\/www.campingprima.cz\/dk\/wp-json\/wp\/v2\/pages\/7\/revisions\/1723"}],"wp:attachment":[{"href":"https:\/\/www.campingprima.cz\/dk\/wp-json\/wp\/v2\/media?parent=7"}],"curies":[{"name":"wp","href":"https:\/\/api.w.org\/{rel}","templated":true}]}}