{"id":7,"date":"2015-03-17T08:37:47","date_gmt":"2015-03-17T08:37:47","guid":{"rendered":"https:\/\/www.campingprima.cz\/?page_id=7"},"modified":"2023-07-18T08:53:31","modified_gmt":"2023-07-18T08:53:31","slug":"uvodni-stranka","status":"publish","type":"page","link":"https:\/\/www.campingprima.cz\/de\/","title":{"rendered":"Homepage"},"content":{"rendered":"<p><\/p>\n<div style=\"background-color: #609bd5; padding: 20px; color: white; font-size: 20px;\" align=\"center\"><strong><u>News:<\/u> Wir haben f\u00fcr euch neuen Spa\u00df und Abenteuer im Camp vorbereitet<\/strong><\/p>\n<p><iframe loading=\"lazy\" title=\"YouTube video player\" src=\"https:\/\/www.youtube.com\/embed\/pFQUdj27zD8\" width=\"560\" height=\"315\" frameborder=\"0\" allowfullscreen=\"allowfullscreen\"><\/iframe><\/div>\n<h2>CAMPING PRIMA KOLOD\u011aJE NAD LU\u017dNIC\u00cd<\/h2>\n<p>Camping Prima befindet sich im malerischen s\u00fcdb\u00f6hmischen Dorf <strong>Kolod\u011bje nad Lu\u017enic\u00ed<\/strong>, am rechten Ufer des Flusses Lu\u017enice. Dank seiner g\u00fcnstigen Lage bietet es viele M\u00f6glichkeiten f\u00fcr Aktiv- und Passivurlaub. Viele historischen Sehensw\u00fcrdigkeiten k\u00f6nnen in der N\u00e4he besucht werden, w\u00e4hrend Sie sich auf dem Land aufhalten und entspannen k\u00f6nnen. Unsere Umgebung bietet viele M\u00f6glichkeiten wie man Freizeit verbringen kann &#8211; Flusskreuzfahrt, Besuch von nahegelegenen Burgen und Schl\u00f6sser, Radfahren, Spazieren im Wald oder Angeln.<\/p>\n<h2>Unterkunft<\/h2>\n<p>Wir bieten Stellpl\u00e4tze auf einer Rasenfl\u00e4che f\u00fcr Zelte und Wohnwagen inkl. elektrische Anschl\u00fcsse, einzelne Stellpl\u00e4tze k\u00f6nnen in der Sonne oder im Schatten ausgew\u00e4hlt werden. Weiter vermieten H\u00fctten und gem\u00fctliche und komplett eingerichtete Bungalows mit K\u00fcche und Bad, sowie Safari-Zelten. Bei uns verbringen Sie einen angenehmen und erholsamen Urlaub in der Natur.<\/p>\n<p><center><iframe loading=\"lazy\" src=\"https:\/\/www.youtube.com\/embed\/MhgkQcvvhy4\" width=\"560\" height=\"315\" frameborder=\"0\" allowfullscreen=\"allowfullscreen\"><\/iframe><\/center><\/p>","protected":false},"excerpt":{"rendered":"<p>News: Wir haben f\u00fcr euch neuen Spa\u00df und Abenteuer im Camp vorbereitet CAMPING PRIMA KOLOD\u011aJE NAD LU\u017dNIC\u00cd Camping Prima befindet sich im malerischen s\u00fcdb\u00f6hmischen Dorf Kolod\u011bje nad Lu\u017enic\u00ed, am rechten Ufer des Flusses Lu\u017enice. Dank seiner g\u00fcnstigen Lage bietet es viele M\u00f6glichkeiten f\u00fcr Aktiv- und Passivurlaub. Viele historischen Sehensw\u00fcrdigkeiten k\u00f6nnen in der N\u00e4he besucht werden, [&hellip;]<\/p>\n","protected":false},"author":1,"featured_media":0,"parent":0,"menu_order":1,"comment_status":"open","ping_status":"open","template":"homepage.php","meta":[],"_links":{"self":[{"href":"https:\/\/www.campingprima.cz\/de\/wp-json\/wp\/v2\/pages\/7"}],"collection":[{"href":"https:\/\/www.campingprima.cz\/de\/wp-json\/wp\/v2\/pages"}],"about":[{"href":"https:\/\/www.campingprima.cz\/de\/wp-json\/wp\/v2\/types\/page"}],"author":[{"embeddable":true,"href":"https:\/\/www.campingprima.cz\/de\/wp-json\/wp\/v2\/users\/1"}],"replies":[{"embeddable":true,"href":"https:\/\/www.campingprima.cz\/de\/wp-json\/wp\/v2\/comments?post=7"}],"version-history":[{"count":35,"href":"https:\/\/www.campingprima.cz\/de\/wp-json\/wp\/v2\/pages\/7\/revisions"}],"predecessor-version":[{"id":1723,"href":"https:\/\/www.campingprima.cz\/de\/wp-json\/wp\/v2\/pages\/7\/revisions\/1723"}],"wp:attachment":[{"href":"https:\/\/www.campingprima.cz\/de\/wp-json\/wp\/v2\/media?parent=7"}],"curies":[{"name":"wp","href":"https:\/\/api.w.org\/{rel}","templated":true}]}}