{"id":67,"date":"2015-03-23T09:56:40","date_gmt":"2015-03-23T09:56:40","guid":{"rendered":"https:\/\/www.campingprima.cz\/?page_id=67"},"modified":"2020-08-11T15:23:43","modified_gmt":"2020-08-11T15:23:43","slug":"o-nas","status":"publish","type":"page","link":"https:\/\/www.campingprima.cz\/de\/uvodni-stranka\/o-nas\/","title":{"rendered":"\u00dcber uns"},"content":{"rendered":"<p><\/p>\n<h2>CAMPING PRIMA KOLOD\u011aJE NAD LU\u017dNIC\u00cd<\/h2>\n<p>Camping Prima befindet sich im malerischen s\u00fcdb\u00f6hmischen Dorf\u00a0<strong>Kolod\u011bje nad Lu\u017enic\u00ed<\/strong>, am rechten Ufer des Flusses Lu\u017enice. Dank seiner g\u00fcnstigen Lage bietet es viele M\u00f6glichkeiten f\u00fcr Aktiv- und Passivurlaub. Viele historischen Sehensw\u00fcrdigkeiten k\u00f6nnen in der N\u00e4he besucht werden, w\u00e4hrend Sie sich auf dem Land aufhalten und entspannen k\u00f6nnen. Unsere Umgebung bietet viele M\u00f6glichkeiten wie man Freizeit verbringen kann \u2013 Flusskreuzfahrt, Besuch von nahegelegenen Burgen und Schl\u00f6sser, Radfahren, Spazieren im Wald oder Angeln.<\/p>\n<h2>Unterkunft<\/h2>\n<p>Wir bieten Stellpl\u00e4tze auf einer Rasenfl\u00e4che f\u00fcr Zelte und Wohnwagen inkl. elektrische Anschl\u00fcsse, einzelne Stellpl\u00e4tze k\u00f6nnen in der Sonne oder im Schatten ausgew\u00e4hlt werden. Weiter vermieten H\u00fctten und gem\u00fctliche und komplett eingerichtete Bungalows mit K\u00fcche und Bad, sowie Safari-Zelten. Bei uns verbringen Sie einen angenehmen und erholsamen Urlaub in der Natur.<\/p>\n<h2>\u00dcber uns<\/h2>\n<p>Camping Prima liegt in der sch\u00f6nen Landschaft von S\u00fcdb\u00f6hmen. Es ist ein idealer Ort f\u00fcr Familien mit Kindern, Sportbegeisterte und Senioren. Sie k\u00f6nnen Ausfl\u00fcge in die Umgebung unternehmen oder einfach nur an einem ruhigen Ort entspannen.<\/p>","protected":false},"excerpt":{"rendered":"<p>CAMPING PRIMA KOLOD\u011aJE NAD LU\u017dNIC\u00cd Camping Prima befindet sich im malerischen s\u00fcdb\u00f6hmischen Dorf\u00a0Kolod\u011bje nad Lu\u017enic\u00ed, am rechten Ufer des Flusses Lu\u017enice. Dank seiner g\u00fcnstigen Lage bietet es viele M\u00f6glichkeiten f\u00fcr Aktiv- und Passivurlaub. Viele historischen Sehensw\u00fcrdigkeiten k\u00f6nnen in der N\u00e4he besucht werden, w\u00e4hrend Sie sich auf dem Land aufhalten und entspannen k\u00f6nnen. Unsere Umgebung bietet [&hellip;]<\/p>\n","protected":false},"author":1,"featured_media":1371,"parent":7,"menu_order":1,"comment_status":"closed","ping_status":"closed","template":"","meta":[],"_links":{"self":[{"href":"https:\/\/www.campingprima.cz\/de\/wp-json\/wp\/v2\/pages\/67"}],"collection":[{"href":"https:\/\/www.campingprima.cz\/de\/wp-json\/wp\/v2\/pages"}],"about":[{"href":"https:\/\/www.campingprima.cz\/de\/wp-json\/wp\/v2\/types\/page"}],"author":[{"embeddable":true,"href":"https:\/\/www.campingprima.cz\/de\/wp-json\/wp\/v2\/users\/1"}],"replies":[{"embeddable":true,"href":"https:\/\/www.campingprima.cz\/de\/wp-json\/wp\/v2\/comments?post=67"}],"version-history":[{"count":2,"href":"https:\/\/www.campingprima.cz\/de\/wp-json\/wp\/v2\/pages\/67\/revisions"}],"predecessor-version":[{"id":1384,"href":"https:\/\/www.campingprima.cz\/de\/wp-json\/wp\/v2\/pages\/67\/revisions\/1384"}],"up":[{"embeddable":true,"href":"https:\/\/www.campingprima.cz\/de\/wp-json\/wp\/v2\/pages\/7"}],"wp:featuredmedia":[{"embeddable":true,"href":"https:\/\/www.campingprima.cz\/de\/wp-json\/wp\/v2\/media\/1371"}],"wp:attachment":[{"href":"https:\/\/www.campingprima.cz\/de\/wp-json\/wp\/v2\/media?parent=67"}],"curies":[{"name":"wp","href":"https:\/\/api.w.org\/{rel}","templated":true}]}}