{"id":65,"date":"2015-03-23T09:34:26","date_gmt":"2015-03-23T09:34:26","guid":{"rendered":"https:\/\/www.campingprima.cz\/?page_id=65"},"modified":"2020-05-27T22:53:24","modified_gmt":"2020-05-27T22:53:24","slug":"sanitarni-zarizeni","status":"publish","type":"page","link":"https:\/\/www.campingprima.cz\/de\/sluzby\/sanitarni-zarizeni\/","title":{"rendered":"Sanit\u00e4ranlage"},"content":{"rendered":"<p><\/p>\n<ul>\n<li>Waschr\u00e4ume mit Toilleten \u2013 Warmwasser non-stop und kostenlos<\/li>\n<li>K\u00fcche und Waschk\u00fcche &#8211; Sp\u00fclbecken mit hei\u00dfem und kaltem Wasser,<\/li>\n<li>Elektroherde, Mikrowelle, Wasserkocher, K\u00fchl- \/ Gefrierschrank, Waschmaschine und Trockner<\/li>\n<\/ul>\n<p>\n\t\t<style type=\"text\/css\">\n\t\t\t#gallery-3 {\n\t\t\t\tmargin: auto;\n\t\t\t}\n\t\t\t#gallery-3 .gallery-item {\n\t\t\t\tfloat: left;\n\t\t\t\tmargin-top: 10px;\n\t\t\t\ttext-align: center;\n\t\t\t\twidth: 25%;\n\t\t\t}\n\t\t\t#gallery-3 img {\n\t\t\t\tborder: 2px solid #cfcfcf;\n\t\t\t}\n\t\t\t#gallery-3 .gallery-caption {\n\t\t\t\tmargin-left: 0;\n\t\t\t}\n\t\t\t\/* see gallery_shortcode() in wp-includes\/media.php *\/\n\t\t<\/style>\n\t\t<div id='gallery-3' class='gallery galleryid-65 gallery-columns-4 gallery-size-thumbnail'><dl class='gallery-item'>\n\t\t\t<dt class='gallery-icon landscape'>\n\t\t\t\t<a href='https:\/\/www.campingprima.cz\/wp-content\/uploads\/2019\/08\/sanitarni-zazemi1.jpg'><img width=\"252\" height=\"252\" src=\"https:\/\/www.campingprima.cz\/wp-content\/uploads\/2019\/08\/sanitarni-zazemi1-252x252.jpg\" class=\"attachment-thumbnail size-thumbnail\" alt=\"\" loading=\"lazy\" \/><\/a>\n\t\t\t<\/dt><\/dl><dl class='gallery-item'>\n\t\t\t<dt class='gallery-icon portrait'>\n\t\t\t\t<a href='https:\/\/www.campingprima.cz\/wp-content\/uploads\/2018\/11\/20180612_121727-e1542059413115.jpg'><img width=\"252\" height=\"252\" src=\"https:\/\/www.campingprima.cz\/wp-content\/uploads\/2018\/11\/20180612_121727-e1542059413115-252x252.jpg\" class=\"attachment-thumbnail size-thumbnail\" alt=\"\" loading=\"lazy\" \/><\/a>\n\t\t\t<\/dt><\/dl><dl class='gallery-item'>\n\t\t\t<dt class='gallery-icon portrait'>\n\t\t\t\t<a href='https:\/\/www.campingprima.cz\/wp-content\/uploads\/2019\/08\/sanitarni-zazemi2.jpg'><img width=\"252\" height=\"252\" src=\"https:\/\/www.campingprima.cz\/wp-content\/uploads\/2019\/08\/sanitarni-zazemi2-252x252.jpg\" class=\"attachment-thumbnail size-thumbnail\" alt=\"\" loading=\"lazy\" \/><\/a>\n\t\t\t<\/dt><\/dl><dl class='gallery-item'>\n\t\t\t<dt class='gallery-icon portrait'>\n\t\t\t\t<a href='https:\/\/www.campingprima.cz\/wp-content\/uploads\/2019\/08\/sanitarni-zazemi3-e1564833694193.jpg'><img width=\"252\" height=\"252\" src=\"https:\/\/www.campingprima.cz\/wp-content\/uploads\/2019\/08\/sanitarni-zazemi3-e1564833694193-252x252.jpg\" class=\"attachment-thumbnail size-thumbnail\" alt=\"\" loading=\"lazy\" \/><\/a>\n\t\t\t<\/dt><\/dl><br style=\"clear: both\" \/>\n\t\t<\/div>\n<\/p>","protected":false},"excerpt":{"rendered":"<p>Waschr\u00e4ume mit Toilleten \u2013 Warmwasser non-stop und kostenlos K\u00fcche und Waschk\u00fcche &#8211; Sp\u00fclbecken mit hei\u00dfem und kaltem Wasser, Elektroherde, Mikrowelle, Wasserkocher, K\u00fchl- \/ Gefrierschrank, Waschmaschine und Trockner<\/p>\n","protected":false},"author":1,"featured_media":0,"parent":11,"menu_order":5,"comment_status":"closed","ping_status":"closed","template":"","meta":[],"_links":{"self":[{"href":"https:\/\/www.campingprima.cz\/de\/wp-json\/wp\/v2\/pages\/65"}],"collection":[{"href":"https:\/\/www.campingprima.cz\/de\/wp-json\/wp\/v2\/pages"}],"about":[{"href":"https:\/\/www.campingprima.cz\/de\/wp-json\/wp\/v2\/types\/page"}],"author":[{"embeddable":true,"href":"https:\/\/www.campingprima.cz\/de\/wp-json\/wp\/v2\/users\/1"}],"replies":[{"embeddable":true,"href":"https:\/\/www.campingprima.cz\/de\/wp-json\/wp\/v2\/comments?post=65"}],"version-history":[{"count":3,"href":"https:\/\/www.campingprima.cz\/de\/wp-json\/wp\/v2\/pages\/65\/revisions"}],"predecessor-version":[{"id":1321,"href":"https:\/\/www.campingprima.cz\/de\/wp-json\/wp\/v2\/pages\/65\/revisions\/1321"}],"up":[{"embeddable":true,"href":"https:\/\/www.campingprima.cz\/de\/wp-json\/wp\/v2\/pages\/11"}],"wp:attachment":[{"href":"https:\/\/www.campingprima.cz\/de\/wp-json\/wp\/v2\/media?parent=65"}],"curies":[{"name":"wp","href":"https:\/\/api.w.org\/{rel}","templated":true}]}}