{"id":48,"date":"2015-03-23T08:35:17","date_gmt":"2015-03-23T08:35:17","guid":{"rendered":"https:\/\/www.campingprima.cz\/?page_id=48"},"modified":"2020-08-11T17:19:20","modified_gmt":"2020-08-11T17:19:20","slug":"restaurace","status":"publish","type":"page","link":"https:\/\/www.campingprima.cz\/de\/sluzby\/restaurace\/","title":{"rendered":"Restaurant"},"content":{"rendered":"<p><\/p>\n<ul>\n<li>Reichhaltiges Fr\u00fchst\u00fcck, leckeres Mittagessen und Abendessen<\/li>\n<li>klassische tschechische K\u00fcche<\/li>\n<li>ausgezeichnetes tschechisches Bier und eine Auswahl an tschechischen Weinen<\/li>\n<li>Cocktails, Kaffee, Limonade<\/li>\n<li>vor dem Restaurant ist eine Terrasse mit Aussicht auf den Fluss Lu\u017enice<\/li>\n<li>Spielplatz<\/li>\n<\/ul>\n<p>\n\t\t<style type=\"text\/css\">\n\t\t\t#gallery-3 {\n\t\t\t\tmargin: auto;\n\t\t\t}\n\t\t\t#gallery-3 .gallery-item {\n\t\t\t\tfloat: left;\n\t\t\t\tmargin-top: 10px;\n\t\t\t\ttext-align: center;\n\t\t\t\twidth: 25%;\n\t\t\t}\n\t\t\t#gallery-3 img {\n\t\t\t\tborder: 2px solid #cfcfcf;\n\t\t\t}\n\t\t\t#gallery-3 .gallery-caption {\n\t\t\t\tmargin-left: 0;\n\t\t\t}\n\t\t\t\/* see gallery_shortcode() in wp-includes\/media.php *\/\n\t\t<\/style>\n\t\t<div id='gallery-3' class='gallery galleryid-48 gallery-columns-4 gallery-size-thumbnail'><dl class='gallery-item'>\n\t\t\t<dt class='gallery-icon landscape'>\n\t\t\t\t<a href='https:\/\/www.campingprima.cz\/wp-content\/uploads\/2019\/08\/restaurant1.jpg'><img width=\"252\" height=\"252\" src=\"https:\/\/www.campingprima.cz\/wp-content\/uploads\/2019\/08\/restaurant1-252x252.jpg\" class=\"attachment-thumbnail size-thumbnail\" alt=\"\" loading=\"lazy\" \/><\/a>\n\t\t\t<\/dt><\/dl><dl class='gallery-item'>\n\t\t\t<dt class='gallery-icon landscape'>\n\t\t\t\t<a href='https:\/\/www.campingprima.cz\/wp-content\/uploads\/2020\/08\/DJI_0888-01-1-scaled.jpeg'><img width=\"252\" height=\"252\" src=\"https:\/\/www.campingprima.cz\/wp-content\/uploads\/2020\/08\/DJI_0888-01-1-252x252.jpeg\" class=\"attachment-thumbnail size-thumbnail\" alt=\"\" loading=\"lazy\" \/><\/a>\n\t\t\t<\/dt><\/dl><dl class='gallery-item'>\n\t\t\t<dt class='gallery-icon landscape'>\n\t\t\t\t<a href='https:\/\/www.campingprima.cz\/wp-content\/uploads\/2020\/08\/DJI_0868-01-1-scaled.jpeg'><img width=\"252\" height=\"252\" src=\"https:\/\/www.campingprima.cz\/wp-content\/uploads\/2020\/08\/DJI_0868-01-1-252x252.jpeg\" class=\"attachment-thumbnail size-thumbnail\" alt=\"\" loading=\"lazy\" \/><\/a>\n\t\t\t<\/dt><\/dl><dl class='gallery-item'>\n\t\t\t<dt class='gallery-icon landscape'>\n\t\t\t\t<a href='https:\/\/www.campingprima.cz\/wp-content\/uploads\/2020\/08\/DJI_0878-01-1-scaled.jpeg'><img width=\"252\" height=\"252\" src=\"https:\/\/www.campingprima.cz\/wp-content\/uploads\/2020\/08\/DJI_0878-01-1-252x252.jpeg\" class=\"attachment-thumbnail size-thumbnail\" alt=\"\" loading=\"lazy\" \/><\/a>\n\t\t\t<\/dt><\/dl><br style=\"clear: both\" \/><dl class='gallery-item'>\n\t\t\t<dt class='gallery-icon landscape'>\n\t\t\t\t<a href='https:\/\/www.campingprima.cz\/wp-content\/uploads\/2019\/08\/restaurant4.jpg'><img width=\"252\" height=\"252\" src=\"https:\/\/www.campingprima.cz\/wp-content\/uploads\/2019\/08\/restaurant4-252x252.jpg\" class=\"attachment-thumbnail size-thumbnail\" alt=\"\" loading=\"lazy\" \/><\/a>\n\t\t\t<\/dt><\/dl><dl class='gallery-item'>\n\t\t\t<dt class='gallery-icon landscape'>\n\t\t\t\t<a href='https:\/\/www.campingprima.cz\/wp-content\/uploads\/2020\/08\/DJI_0862-01-scaled.jpeg'><img width=\"252\" height=\"252\" src=\"https:\/\/www.campingprima.cz\/wp-content\/uploads\/2020\/08\/DJI_0862-01-252x252.jpeg\" class=\"attachment-thumbnail size-thumbnail\" alt=\"\" loading=\"lazy\" \/><\/a>\n\t\t\t<\/dt><\/dl><dl class='gallery-item'>\n\t\t\t<dt class='gallery-icon landscape'>\n\t\t\t\t<a href='https:\/\/www.campingprima.cz\/wp-content\/uploads\/2020\/08\/DJI_0876-01-scaled.jpeg'><img width=\"252\" height=\"252\" src=\"https:\/\/www.campingprima.cz\/wp-content\/uploads\/2020\/08\/DJI_0876-01-252x252.jpeg\" class=\"attachment-thumbnail size-thumbnail\" alt=\"\" loading=\"lazy\" \/><\/a>\n\t\t\t<\/dt><\/dl><dl class='gallery-item'>\n\t\t\t<dt class='gallery-icon landscape'>\n\t\t\t\t<a href='https:\/\/www.campingprima.cz\/wp-content\/uploads\/2020\/08\/DJI_0885-01-scaled.jpeg'><img width=\"252\" height=\"252\" src=\"https:\/\/www.campingprima.cz\/wp-content\/uploads\/2020\/08\/DJI_0885-01-252x252.jpeg\" class=\"attachment-thumbnail size-thumbnail\" alt=\"\" loading=\"lazy\" \/><\/a>\n\t\t\t<\/dt><\/dl><br style=\"clear: both\" \/><dl class='gallery-item'>\n\t\t\t<dt class='gallery-icon landscape'>\n\t\t\t\t<a href='https:\/\/www.campingprima.cz\/wp-content\/uploads\/2020\/08\/DJI_0920-01-scaled.jpeg'><img width=\"252\" height=\"252\" src=\"https:\/\/www.campingprima.cz\/wp-content\/uploads\/2020\/08\/DJI_0920-01-252x252.jpeg\" class=\"attachment-thumbnail size-thumbnail\" alt=\"\" loading=\"lazy\" \/><\/a>\n\t\t\t<\/dt><\/dl><dl class='gallery-item'>\n\t\t\t<dt class='gallery-icon landscape'>\n\t\t\t\t<a href='https:\/\/www.campingprima.cz\/wp-content\/uploads\/2020\/08\/DSC_0945-01-scaled.jpeg'><img width=\"252\" height=\"252\" src=\"https:\/\/www.campingprima.cz\/wp-content\/uploads\/2020\/08\/DSC_0945-01-252x252.jpeg\" class=\"attachment-thumbnail size-thumbnail\" alt=\"\" loading=\"lazy\" \/><\/a>\n\t\t\t<\/dt><\/dl><dl class='gallery-item'>\n\t\t\t<dt class='gallery-icon landscape'>\n\t\t\t\t<a href='https:\/\/www.campingprima.cz\/wp-content\/uploads\/2020\/08\/DSC_0976-01-scaled.jpeg'><img width=\"252\" height=\"252\" src=\"https:\/\/www.campingprima.cz\/wp-content\/uploads\/2020\/08\/DSC_0976-01-252x252.jpeg\" class=\"attachment-thumbnail size-thumbnail\" alt=\"\" loading=\"lazy\" \/><\/a>\n\t\t\t<\/dt><\/dl><dl class='gallery-item'>\n\t\t\t<dt class='gallery-icon landscape'>\n\t\t\t\t<a href='https:\/\/www.campingprima.cz\/wp-content\/uploads\/2020\/08\/DSC_0985-01-scaled.jpeg'><img width=\"252\" height=\"252\" src=\"https:\/\/www.campingprima.cz\/wp-content\/uploads\/2020\/08\/DSC_0985-01-252x252.jpeg\" class=\"attachment-thumbnail size-thumbnail\" alt=\"\" loading=\"lazy\" \/><\/a>\n\t\t\t<\/dt><\/dl><br style=\"clear: both\" \/><dl class='gallery-item'>\n\t\t\t<dt class='gallery-icon landscape'>\n\t\t\t\t<a href='https:\/\/www.campingprima.cz\/wp-content\/uploads\/2020\/08\/DSC_1020-01-scaled.jpeg'><img width=\"252\" height=\"252\" src=\"https:\/\/www.campingprima.cz\/wp-content\/uploads\/2020\/08\/DSC_1020-01-252x252.jpeg\" class=\"attachment-thumbnail size-thumbnail\" alt=\"\" loading=\"lazy\" \/><\/a>\n\t\t\t<\/dt><\/dl>\n\t\t\t<br style='clear: both' \/>\n\t\t<\/div>\n<\/p>","protected":false},"excerpt":{"rendered":"<p>Reichhaltiges Fr\u00fchst\u00fcck, leckeres Mittagessen und Abendessen klassische tschechische K\u00fcche ausgezeichnetes tschechisches Bier und eine Auswahl an tschechischen Weinen Cocktails, Kaffee, Limonade vor dem Restaurant ist eine Terrasse mit Aussicht auf den Fluss Lu\u017enice Spielplatz<\/p>\n","protected":false},"author":1,"featured_media":0,"parent":11,"menu_order":1,"comment_status":"closed","ping_status":"closed","template":"","meta":[],"_links":{"self":[{"href":"https:\/\/www.campingprima.cz\/de\/wp-json\/wp\/v2\/pages\/48"}],"collection":[{"href":"https:\/\/www.campingprima.cz\/de\/wp-json\/wp\/v2\/pages"}],"about":[{"href":"https:\/\/www.campingprima.cz\/de\/wp-json\/wp\/v2\/types\/page"}],"author":[{"embeddable":true,"href":"https:\/\/www.campingprima.cz\/de\/wp-json\/wp\/v2\/users\/1"}],"replies":[{"embeddable":true,"href":"https:\/\/www.campingprima.cz\/de\/wp-json\/wp\/v2\/comments?post=48"}],"version-history":[{"count":5,"href":"https:\/\/www.campingprima.cz\/de\/wp-json\/wp\/v2\/pages\/48\/revisions"}],"predecessor-version":[{"id":1409,"href":"https:\/\/www.campingprima.cz\/de\/wp-json\/wp\/v2\/pages\/48\/revisions\/1409"}],"up":[{"embeddable":true,"href":"https:\/\/www.campingprima.cz\/de\/wp-json\/wp\/v2\/pages\/11"}],"wp:attachment":[{"href":"https:\/\/www.campingprima.cz\/de\/wp-json\/wp\/v2\/media?parent=48"}],"curies":[{"name":"wp","href":"https:\/\/api.w.org\/{rel}","templated":true}]}}