{"id":1158,"date":"2019-02-14T11:39:55","date_gmt":"2019-02-14T11:39:55","guid":{"rendered":"https:\/\/www.campingprima.cz\/?page_id=1158"},"modified":"2021-08-11T11:15:04","modified_gmt":"2021-08-11T11:15:04","slug":"kolodeje-a-okoli","status":"publish","type":"page","link":"https:\/\/www.campingprima.cz\/de\/uvodni-stranka\/kolodeje-a-okoli\/","title":{"rendered":"Kolod\u011bje und Umgebung"},"content":{"rendered":"<p>Camping Prima liegt in einer angenehmen und ruhigen Umgebung des Dorfes Kolod\u011bje nad Lu\u017enic\u00ed in S\u00fcdb\u00f6hmen.<\/p>\n<p>Es liegt am Ufer des Flusses Lu\u017enice, der unfern in (in der Stadt T\u00fdn nad Vltavou) den l\u00e4ngsten Fluss Tschechiens, Moldau, fliesst. Sie k\u00f6nnen hier verschiedene Ausfl\u00fcge machen, das nahegelegene\u00a0<a href=\"https:\/\/www.zamekmitrowicz.cz\/\" target=\"_blank\" rel=\"noopener noreferrer\"><strong>Schloss Mitrowicz<\/strong><\/a> mit seinen G\u00e4rten ist einen Besuch wert.<\/p>\n<p>Von Kolod\u011bje aus k\u00f6nnen Sie alle interessanten Sehensw\u00fcrdigkeiten S\u00fcdb\u00f6hmens bequem mit dem Auto erreichen. Gro\u00dfe Erfahrung ist auch die\u00a0<a href=\"https:\/\/www.tnv.cz\/lodni-doprava\/ds-1166\" target=\"_blank\" rel=\"noopener noreferrer\"><strong>Schifffahrt<\/strong><\/a>, die um das weite Gebiet zu bereisen dient.<\/p>\n<p><strong>Nahe gelegene Sehensw\u00fcrdigkeiten<\/strong>:<\/p>\n<ul>\n<li>Schloss Mitrowicz<\/li>\n<li>Hlubok\u00e1 nad Vltavou<\/li>\n<li>Schloss und Damm Orl\u00edk<\/li>\n<li>P\u00edsek<\/li>\n<li>\u010cesk\u00fd Krumlov<\/li>\n<li>Bechyn\u011b<\/li>\n<li>und viele andere<\/li>\n<\/ul>\n<p>Ein Tagesausflug nach Prag ist auch m\u00f6glich zu machen.<\/p>\n<p>\n\t\t<style type=\"text\/css\">\n\t\t\t#gallery-3 {\n\t\t\t\tmargin: auto;\n\t\t\t}\n\t\t\t#gallery-3 .gallery-item {\n\t\t\t\tfloat: left;\n\t\t\t\tmargin-top: 10px;\n\t\t\t\ttext-align: center;\n\t\t\t\twidth: 25%;\n\t\t\t}\n\t\t\t#gallery-3 img {\n\t\t\t\tborder: 2px solid #cfcfcf;\n\t\t\t}\n\t\t\t#gallery-3 .gallery-caption {\n\t\t\t\tmargin-left: 0;\n\t\t\t}\n\t\t\t\/* see gallery_shortcode() in wp-includes\/media.php *\/\n\t\t<\/style>\n\t\t<div id='gallery-3' class='gallery galleryid-1158 gallery-columns-4 gallery-size-thumbnail'><dl class='gallery-item'>\n\t\t\t<dt class='gallery-icon landscape'>\n\t\t\t\t<a href='https:\/\/www.campingprima.cz\/wp-content\/uploads\/2020\/08\/DJI_0644-01-scaled.jpeg'><img width=\"252\" height=\"252\" src=\"https:\/\/www.campingprima.cz\/wp-content\/uploads\/2020\/08\/DJI_0644-01-252x252.jpeg\" class=\"attachment-thumbnail size-thumbnail\" alt=\"\" loading=\"lazy\" \/><\/a>\n\t\t\t<\/dt><\/dl><dl class='gallery-item'>\n\t\t\t<dt class='gallery-icon landscape'>\n\t\t\t\t<a href='https:\/\/www.campingprima.cz\/wp-content\/uploads\/2019\/12\/okoli3.jpg'><img width=\"252\" height=\"252\" src=\"https:\/\/www.campingprima.cz\/wp-content\/uploads\/2019\/12\/okoli3-252x252.jpg\" class=\"attachment-thumbnail size-thumbnail\" alt=\"\" loading=\"lazy\" \/><\/a>\n\t\t\t<\/dt><\/dl><dl class='gallery-item'>\n\t\t\t<dt class='gallery-icon landscape'>\n\t\t\t\t<a href='https:\/\/www.campingprima.cz\/wp-content\/uploads\/2020\/08\/DSC_9640-01-scaled.jpeg'><img width=\"252\" height=\"252\" src=\"https:\/\/www.campingprima.cz\/wp-content\/uploads\/2020\/08\/DSC_9640-01-252x252.jpeg\" class=\"attachment-thumbnail size-thumbnail\" alt=\"\" loading=\"lazy\" \/><\/a>\n\t\t\t<\/dt><\/dl><dl class='gallery-item'>\n\t\t\t<dt class='gallery-icon landscape'>\n\t\t\t\t<a href='https:\/\/www.campingprima.cz\/wp-content\/uploads\/2020\/08\/20190609_165305-01-scaled.jpeg'><img width=\"252\" height=\"252\" src=\"https:\/\/www.campingprima.cz\/wp-content\/uploads\/2020\/08\/20190609_165305-01-252x252.jpeg\" class=\"attachment-thumbnail size-thumbnail\" alt=\"\" loading=\"lazy\" \/><\/a>\n\t\t\t<\/dt><\/dl><br style=\"clear: both\" \/><dl class='gallery-item'>\n\t\t\t<dt class='gallery-icon landscape'>\n\t\t\t\t<a href='https:\/\/www.campingprima.cz\/wp-content\/uploads\/2020\/08\/DJI_0632-01-scaled.jpeg'><img width=\"252\" height=\"252\" src=\"https:\/\/www.campingprima.cz\/wp-content\/uploads\/2020\/08\/DJI_0632-01-252x252.jpeg\" class=\"attachment-thumbnail size-thumbnail\" alt=\"\" loading=\"lazy\" \/><\/a>\n\t\t\t<\/dt><\/dl><dl class='gallery-item'>\n\t\t\t<dt class='gallery-icon landscape'>\n\t\t\t\t<a href='https:\/\/www.campingprima.cz\/wp-content\/uploads\/2018\/11\/IMG_20180811_132946140_HDR.jpg'><img width=\"252\" height=\"252\" src=\"https:\/\/www.campingprima.cz\/wp-content\/uploads\/2018\/11\/IMG_20180811_132946140_HDR-252x252.jpg\" class=\"attachment-thumbnail size-thumbnail\" alt=\"\" loading=\"lazy\" \/><\/a>\n\t\t\t<\/dt><\/dl><dl class='gallery-item'>\n\t\t\t<dt class='gallery-icon landscape'>\n\t\t\t\t<a href='https:\/\/www.campingprima.cz\/wp-content\/uploads\/2021\/08\/1628167533994-01-1-scaled.jpeg'><img width=\"252\" height=\"252\" src=\"https:\/\/www.campingprima.cz\/wp-content\/uploads\/2021\/08\/1628167533994-01-1-252x252.jpeg\" class=\"attachment-thumbnail size-thumbnail\" alt=\"\" loading=\"lazy\" \/><\/a>\n\t\t\t<\/dt><\/dl><dl class='gallery-item'>\n\t\t\t<dt class='gallery-icon landscape'>\n\t\t\t\t<a href='https:\/\/www.campingprima.cz\/wp-content\/uploads\/2020\/08\/DJI_0914-01-1-scaled.jpeg'><img width=\"252\" height=\"252\" src=\"https:\/\/www.campingprima.cz\/wp-content\/uploads\/2020\/08\/DJI_0914-01-1-252x252.jpeg\" class=\"attachment-thumbnail size-thumbnail\" alt=\"\" loading=\"lazy\" \/><\/a>\n\t\t\t<\/dt><\/dl><br style=\"clear: both\" \/><dl class='gallery-item'>\n\t\t\t<dt class='gallery-icon landscape'>\n\t\t\t\t<a href='https:\/\/www.campingprima.cz\/wp-content\/uploads\/2019\/12\/okoli2.jpg'><img width=\"252\" height=\"252\" src=\"https:\/\/www.campingprima.cz\/wp-content\/uploads\/2019\/12\/okoli2-252x252.jpg\" class=\"attachment-thumbnail size-thumbnail\" alt=\"\" loading=\"lazy\" \/><\/a>\n\t\t\t<\/dt><\/dl><dl class='gallery-item'>\n\t\t\t<dt class='gallery-icon landscape'>\n\t\t\t\t<a href='https:\/\/www.campingprima.cz\/wp-content\/uploads\/2020\/08\/IMG_20200802_193742-01-scaled.jpeg'><img width=\"252\" height=\"252\" src=\"https:\/\/www.campingprima.cz\/wp-content\/uploads\/2020\/08\/IMG_20200802_193742-01-252x252.jpeg\" class=\"attachment-thumbnail size-thumbnail\" alt=\"\" loading=\"lazy\" \/><\/a>\n\t\t\t<\/dt><\/dl><dl class='gallery-item'>\n\t\t\t<dt class='gallery-icon landscape'>\n\t\t\t\t<a href='https:\/\/www.campingprima.cz\/wp-content\/uploads\/2020\/08\/DJI_0016-scaled.jpg'><img width=\"252\" height=\"252\" src=\"https:\/\/www.campingprima.cz\/wp-content\/uploads\/2020\/08\/DJI_0016-252x252.jpg\" class=\"attachment-thumbnail size-thumbnail\" alt=\"\" loading=\"lazy\" \/><\/a>\n\t\t\t<\/dt><\/dl><dl class='gallery-item'>\n\t\t\t<dt class='gallery-icon landscape'>\n\t\t\t\t<a href='https:\/\/www.campingprima.cz\/wp-content\/uploads\/2020\/08\/DJI_0082-scaled.jpg'><img width=\"252\" height=\"252\" src=\"https:\/\/www.campingprima.cz\/wp-content\/uploads\/2020\/08\/DJI_0082-252x252.jpg\" class=\"attachment-thumbnail size-thumbnail\" alt=\"\" loading=\"lazy\" \/><\/a>\n\t\t\t<\/dt><\/dl><br style=\"clear: both\" \/><dl class='gallery-item'>\n\t\t\t<dt class='gallery-icon landscape'>\n\t\t\t\t<a href='https:\/\/www.campingprima.cz\/wp-content\/uploads\/2020\/08\/DJI_0109-scaled.jpg'><img width=\"252\" height=\"252\" src=\"https:\/\/www.campingprima.cz\/wp-content\/uploads\/2020\/08\/DJI_0109-252x252.jpg\" class=\"attachment-thumbnail size-thumbnail\" alt=\"\" loading=\"lazy\" \/><\/a>\n\t\t\t<\/dt><\/dl><dl class='gallery-item'>\n\t\t\t<dt class='gallery-icon landscape'>\n\t\t\t\t<a href='https:\/\/www.campingprima.cz\/wp-content\/uploads\/2020\/08\/DJI_0135-scaled.jpg'><img width=\"252\" height=\"252\" src=\"https:\/\/www.campingprima.cz\/wp-content\/uploads\/2020\/08\/DJI_0135-252x252.jpg\" class=\"attachment-thumbnail size-thumbnail\" alt=\"\" loading=\"lazy\" \/><\/a>\n\t\t\t<\/dt><\/dl><dl class='gallery-item'>\n\t\t\t<dt class='gallery-icon landscape'>\n\t\t\t\t<a href='https:\/\/www.campingprima.cz\/wp-content\/uploads\/2020\/08\/DJI_0152-scaled.jpg'><img width=\"252\" height=\"252\" src=\"https:\/\/www.campingprima.cz\/wp-content\/uploads\/2020\/08\/DJI_0152-252x252.jpg\" class=\"attachment-thumbnail size-thumbnail\" alt=\"\" loading=\"lazy\" \/><\/a>\n\t\t\t<\/dt><\/dl><dl class='gallery-item'>\n\t\t\t<dt class='gallery-icon landscape'>\n\t\t\t\t<a href='https:\/\/www.campingprima.cz\/wp-content\/uploads\/2020\/08\/krumlov1-scaled.jpg'><img width=\"252\" height=\"252\" src=\"https:\/\/www.campingprima.cz\/wp-content\/uploads\/2020\/08\/krumlov1-252x252.jpg\" class=\"attachment-thumbnail size-thumbnail\" alt=\"\" loading=\"lazy\" \/><\/a>\n\t\t\t<\/dt><\/dl><br style=\"clear: both\" \/><dl class='gallery-item'>\n\t\t\t<dt class='gallery-icon landscape'>\n\t\t\t\t<a href='https:\/\/www.campingprima.cz\/wp-content\/uploads\/2020\/08\/DJI_0204-scaled.jpg'><img width=\"252\" height=\"252\" src=\"https:\/\/www.campingprima.cz\/wp-content\/uploads\/2020\/08\/DJI_0204-252x252.jpg\" class=\"attachment-thumbnail size-thumbnail\" alt=\"\" loading=\"lazy\" \/><\/a>\n\t\t\t<\/dt><\/dl><dl class='gallery-item'>\n\t\t\t<dt class='gallery-icon landscape'>\n\t\t\t\t<a href='https:\/\/www.campingprima.cz\/wp-content\/uploads\/2021\/08\/1628168007640-01-scaled.jpeg'><img width=\"252\" height=\"252\" src=\"https:\/\/www.campingprima.cz\/wp-content\/uploads\/2021\/08\/1628168007640-01-252x252.jpeg\" class=\"attachment-thumbnail size-thumbnail\" alt=\"\" loading=\"lazy\" \/><\/a>\n\t\t\t<\/dt><\/dl>\n\t\t\t<br style='clear: both' \/>\n\t\t<\/div>\n<\/p>","protected":false},"excerpt":{"rendered":"<p>Camping Prima liegt in einer angenehmen und ruhigen Umgebung des Dorfes Kolod\u011bje nad Lu\u017enic\u00ed in S\u00fcdb\u00f6hmen. Es liegt am Ufer des Flusses Lu\u017enice, der unfern in (in der Stadt T\u00fdn nad Vltavou) den l\u00e4ngsten Fluss Tschechiens, Moldau, fliesst. Sie k\u00f6nnen hier verschiedene Ausfl\u00fcge machen, das nahegelegene\u00a0Schloss Mitrowicz mit seinen G\u00e4rten ist einen Besuch wert. Von [&hellip;]<\/p>\n","protected":false},"author":1,"featured_media":0,"parent":7,"menu_order":2,"comment_status":"closed","ping_status":"closed","template":"","meta":[],"_links":{"self":[{"href":"https:\/\/www.campingprima.cz\/de\/wp-json\/wp\/v2\/pages\/1158"}],"collection":[{"href":"https:\/\/www.campingprima.cz\/de\/wp-json\/wp\/v2\/pages"}],"about":[{"href":"https:\/\/www.campingprima.cz\/de\/wp-json\/wp\/v2\/types\/page"}],"author":[{"embeddable":true,"href":"https:\/\/www.campingprima.cz\/de\/wp-json\/wp\/v2\/users\/1"}],"replies":[{"embeddable":true,"href":"https:\/\/www.campingprima.cz\/de\/wp-json\/wp\/v2\/comments?post=1158"}],"version-history":[{"count":5,"href":"https:\/\/www.campingprima.cz\/de\/wp-json\/wp\/v2\/pages\/1158\/revisions"}],"predecessor-version":[{"id":1639,"href":"https:\/\/www.campingprima.cz\/de\/wp-json\/wp\/v2\/pages\/1158\/revisions\/1639"}],"up":[{"embeddable":true,"href":"https:\/\/www.campingprima.cz\/de\/wp-json\/wp\/v2\/pages\/7"}],"wp:attachment":[{"href":"https:\/\/www.campingprima.cz\/de\/wp-json\/wp\/v2\/media?parent=1158"}],"curies":[{"name":"wp","href":"https:\/\/api.w.org\/{rel}","templated":true}]}}